{"id":52,"date":"2025-10-17T14:29:41","date_gmt":"2025-10-17T14:29:41","guid":{"rendered":"https:\/\/klinika.cluster100.hosting.ovh.net\/?page_id=52"},"modified":"2025-11-13T11:47:22","modified_gmt":"2025-11-13T11:47:22","slug":"band","status":"publish","type":"page","link":"https:\/\/klinikel.de\/index.php\/home\/band\/","title":{"rendered":"The Story &amp; Us"},"content":{"rendered":"\n<p><strong>NEWS: Am 12.12.2025 steht der Album Release f\u00fcr das zweite Album an &#8220;Albtraumland&#8221; &#8211; seid gespannt!<\/strong><\/p>\n\n\n\n<p>Hier schonmal Albtraumland &#8211; die erste Single aus dem <strong>neuen Album Albtraumland<\/strong><\/p>\n\n\n\n<figure class=\"wp-block-embed is-type-rich is-provider-spotify wp-block-embed-spotify\"><div class=\"wp-block-embed__wrapper\">\n<iframe title=\"Spotify Embed: Albtraumland\" style=\"border-radius: 12px\" width=\"100%\" height=\"152\" frameborder=\"0\" allowfullscreen allow=\"autoplay; clipboard-write; encrypted-media; fullscreen; picture-in-picture\" loading=\"lazy\" src=\"https:\/\/open.spotify.com\/embed\/track\/6BLWS49wiySYPmBgvLdvvY?si=7650ee7db8014570&#038;utm_source=oembed\"><\/iframe>\n<\/div><\/figure>\n\n\n\n<p>Gegr\u00fcndet in N\u00fcrnberg im November 2022. Nach Corona mit frischen Ideen und d\u00fcsteren Gef\u00fchlen. <\/p>\n\n\n\n<p>Als Solo-Projekt hat sich die Band St\u00fcck f\u00fcr St\u00fcck weiterentwickelt und transformiert zu dem aktuellen Status Quo. <br>Am Anfang war nur <strong>Adrian <\/strong>\u2013 ein Notizbuch, eine Gitarre, zwei Songs: \u201eAlarm Alarm\u201c und \u201eSch\u00f6ne Stadt\u201c. Beide schrieb er allein, sp\u00e4tabends in N\u00fcrnberg, als die Stadt noch roch wie Regen auf Beton und das violette Licht seiner Schreibtischlampe die W\u00e4nde f\u00e4rbte. Da wusste er: Das Projekt hei\u00dft Klinikel.<\/p>\n\n\n\n<div class=\"wp-block-uagb-container uagb-block-6848c6de alignfull uagb-is-root-container\"><div class=\"uagb-container-inner-blocks-wrap\"><\/div><\/div>\n\n\n\n<figure class=\"wp-block-image size-large is-resized\"><img loading=\"lazy\" decoding=\"async\" width=\"1200\" height=\"675\" src=\"https:\/\/klinikel.de\/wp-content\/uploads\/2025\/10\/Klinikel_alle-1-edited.png\" alt=\"\" class=\"wp-image-138\" style=\"width:1200px;height:auto\" srcset=\"https:\/\/klinikel.de\/wp-content\/uploads\/2025\/10\/Klinikel_alle-1-edited.png 1200w, https:\/\/klinikel.de\/wp-content\/uploads\/2025\/10\/Klinikel_alle-1-edited-300x169.png 300w, https:\/\/klinikel.de\/wp-content\/uploads\/2025\/10\/Klinikel_alle-1-edited-1024x576.png 1024w, https:\/\/klinikel.de\/wp-content\/uploads\/2025\/10\/Klinikel_alle-1-edited-768x432.png 768w\" sizes=\"auto, (max-width: 1200px) 100vw, 1200px\" \/><figcaption class=\"wp-element-caption\">Klinikel &#8211; Die Band 2025 &#8211; von l.n.r. Simon, Adrian, Marina, Alex, Luci<\/figcaption><\/figure>\n\n\n\n<p>Zuerst kam <strong>Simon<\/strong>.<br>Leidenschaftlicher Gitarrist, bis zum Hals t\u00e4towiert, wenig Worte. Seine Akkorde gaben Adrians Entw\u00fcrfen Kante und Richtung. Pl\u00f6tzlich klangen die Skizzen wie Schritte.<\/p>\n\n\n\n<p>Dann kam <strong>Luci<\/strong>.<br>Pianistin \u2013 und viel mehr: Arrangeurin, Architektin im Sound. Keine Nostalgietricks, keine Tapes; klare Harmonien, Luft in den Akkorden, Melodien, die haften. Mit ihr bekamen die Songs Raum und Logik.<\/p>\n\n\n\n<p>Danach stie\u00df <strong>Marina <\/strong>dazu.<br>Musikerin mit Tiefe. Ihr Bass schrieb S\u00e4tze, nicht Dekor. Jede Linie war ein Grund, weiterzuspielen \u2013 warm, ernst, tragf\u00e4hig. Jetzt hatten die St\u00fccke Herzschlag.<\/p>\n\n\n\n<p>Zum Schluss kam <strong>Alex<\/strong>.<br>Aufger\u00e4umt, vorbereitet, alles parat: Cases, Ersatzteile, Click, In-Ears. Sein Drumming war pr\u00e4zise wie ein Plan, ohne die Energie zu bremsen. Er band alles zusammen.<\/p>\n\n\n\n<p>Die vier st\u00fctzten Adrians fr\u00fchen Songs, probten, strichen, verdichteten \u2013 und daraus wuchs das Deb\u00fct \u201eEndstation: Irrenhaus\u201c (August 2024): roh, fokussiert, ohne falsche Romantik. Haltung inklusive: keine B\u00fchne f\u00fcr Nazis, keine Kompromisse.<\/p>\n\n\n\n<p>W\u00e4hrend die Stadt die Band zu kennen lernte, sch\u00e4rften sie ihren Sound. Aus Proben wurden N\u00e4chte, aus Skizzen Kapitel. So entstand das zweite Album \u201eAlbtraumland\u201c (12.12.2025, 13 Tracks) \u2013 dunkler, klarer, gr\u00f6\u00dfer. Darauf: \u201eKapit\u00e4n\u201c und \u201eWei\u00dfe Wale\u201c. Der eine ein fiebriger Drill \u00fcber Kontrolle und Kontrollverlust, der andere eine Jagd nach dem Unerreichbaren, die trotzdem Richtung gibt.<\/p>\n\n\n\n<p>Wenn heute jemand fragt, wie Klinikel zusammenkam, ist die Antwort schlicht:<br>Adrian stellte die Frage. Simon brachte die Flamme, Luci den Plan, Marina die Tiefe, Alex die Ordnung. F\u00fcnf Menschen, eine Linie. Der Rest ist Arbeit \u2013 und der Moment, in dem das Licht wieder violett wird und der n\u00e4chste Song von&nbsp;selbst&nbsp;beginnt.<\/p>\n\n\n\n<p><\/p>\n\n\n\n<p>Der Signature Song von Klinikel, der nahezu alle Elemente beinhaltet: K.B.S.R.<\/p>\n\n\n\n<figure class=\"wp-block-embed is-type-rich is-provider-spotify wp-block-embed-spotify\"><div class=\"wp-block-embed__wrapper\">\n<iframe title=\"Spotify Embed: K.B.S.R.\" style=\"border-radius: 12px\" width=\"100%\" height=\"152\" frameborder=\"0\" allowfullscreen allow=\"autoplay; clipboard-write; encrypted-media; fullscreen; picture-in-picture\" loading=\"lazy\" src=\"https:\/\/open.spotify.com\/embed\/track\/2PCYVBcfAMn8nQqv2cyO7v?si=6d0353907fd74f40&#038;utm_source=oembed\"><\/iframe>\n<\/div><\/figure>\n\n\n\n<p>Das erste Album &#8211; Der Start: Endstation: Irrenhaus &#8211; released 2024<\/p>\n\n\n\n<figure class=\"wp-block-image size-medium\"><img loading=\"lazy\" decoding=\"async\" width=\"300\" height=\"240\" src=\"https:\/\/klinikel.de\/wp-content\/uploads\/2025\/10\/KLINIKEL_Endstation_Irrenhaus-300x240.jpeg\" alt=\"\" class=\"wp-image-12\" srcset=\"https:\/\/klinikel.de\/wp-content\/uploads\/2025\/10\/KLINIKEL_Endstation_Irrenhaus-300x240.jpeg 300w, https:\/\/klinikel.de\/wp-content\/uploads\/2025\/10\/KLINIKEL_Endstation_Irrenhaus-1024x819.jpeg 1024w, https:\/\/klinikel.de\/wp-content\/uploads\/2025\/10\/KLINIKEL_Endstation_Irrenhaus-768x614.jpeg 768w, https:\/\/klinikel.de\/wp-content\/uploads\/2025\/10\/KLINIKEL_Endstation_Irrenhaus-1536x1229.jpeg 1536w, https:\/\/klinikel.de\/wp-content\/uploads\/2025\/10\/KLINIKEL_Endstation_Irrenhaus.jpeg 1600w\" sizes=\"auto, (max-width: 300px) 100vw, 300px\" \/><\/figure>\n\n\n\n<p><\/p>\n\n\n\n<p><\/p>\n","protected":false},"excerpt":{"rendered":"<p>NEWS: Am 12.12.2025 steht der Album Release f\u00fcr das zweite Album an &#8220;Albtraumland&#8221; &#8211; seid gespannt! Hier schonmal Albtraumland &#8211; [&hellip;]<\/p>\n","protected":false},"author":1,"featured_media":0,"parent":20,"menu_order":0,"comment_status":"closed","ping_status":"closed","template":"","meta":{"_uag_custom_page_level_css":"","site-sidebar-layout":"default","site-content-layout":"","ast-site-content-layout":"default","site-content-style":"default","site-sidebar-style":"default","ast-global-header-display":"","ast-banner-title-visibility":"","ast-main-header-display":"","ast-hfb-above-header-display":"","ast-hfb-below-header-display":"","ast-hfb-mobile-header-display":"","site-post-title":"","ast-breadcrumbs-content":"","ast-featured-img":"","footer-sml-layout":"","theme-transparent-header-meta":"","adv-header-id-meta":"","stick-header-meta":"","header-above-stick-meta":"","header-main-stick-meta":"","header-below-stick-meta":"","astra-migrate-meta-layouts":"default","ast-page-background-enabled":"default","ast-page-background-meta":{"desktop":{"background-color":"var(--ast-global-color-5)","background-image":"","background-repeat":"repeat","background-position":"center center","background-size":"auto","background-attachment":"scroll","background-type":"","background-media":"","overlay-type":"","overlay-color":"","overlay-opacity":"","overlay-gradient":""},"tablet":{"background-color":"","background-image":"","background-repeat":"repeat","background-position":"center center","background-size":"auto","background-attachment":"scroll","background-type":"","background-media":"","overlay-type":"","overlay-color":"","overlay-opacity":"","overlay-gradient":""},"mobile":{"background-color":"","background-image":"","background-repeat":"repeat","background-position":"center center","background-size":"auto","background-attachment":"scroll","background-type":"","background-media":"","overlay-type":"","overlay-color":"","overlay-opacity":"","overlay-gradient":""}},"ast-content-background-meta":{"desktop":{"background-color":"var(--ast-global-color-4)","background-image":"","background-repeat":"repeat","background-position":"center center","background-size":"auto","background-attachment":"scroll","background-type":"","background-media":"","overlay-type":"","overlay-color":"","overlay-opacity":"","overlay-gradient":""},"tablet":{"background-color":"var(--ast-global-color-4)","background-image":"","background-repeat":"repeat","background-position":"center center","background-size":"auto","background-attachment":"scroll","background-type":"","background-media":"","overlay-type":"","overlay-color":"","overlay-opacity":"","overlay-gradient":""},"mobile":{"background-color":"var(--ast-global-color-4)","background-image":"","background-repeat":"repeat","background-position":"center center","background-size":"auto","background-attachment":"scroll","background-type":"","background-media":"","overlay-type":"","overlay-color":"","overlay-opacity":"","overlay-gradient":""}},"footnotes":""},"class_list":["post-52","page","type-page","status-publish","hentry"],"uagb_featured_image_src":{"full":false,"thumbnail":false,"medium":false,"medium_large":false,"large":false,"1536x1536":false,"2048x2048":false},"uagb_author_info":{"display_name":"admin7305","author_link":"https:\/\/klinikel.de\/index.php\/author\/admin7305\/"},"uagb_comment_info":0,"uagb_excerpt":"NEWS: Am 12.12.2025 steht der Album Release f\u00fcr das zweite Album an &#8220;Albtraumland&#8221; &#8211; seid gespannt! Hier schonmal Albtraumland &#8211; [&hellip;]","_links":{"self":[{"href":"https:\/\/klinikel.de\/index.php\/wp-json\/wp\/v2\/pages\/52","targetHints":{"allow":["GET"]}}],"collection":[{"href":"https:\/\/klinikel.de\/index.php\/wp-json\/wp\/v2\/pages"}],"about":[{"href":"https:\/\/klinikel.de\/index.php\/wp-json\/wp\/v2\/types\/page"}],"author":[{"embeddable":true,"href":"https:\/\/klinikel.de\/index.php\/wp-json\/wp\/v2\/users\/1"}],"replies":[{"embeddable":true,"href":"https:\/\/klinikel.de\/index.php\/wp-json\/wp\/v2\/comments?post=52"}],"version-history":[{"count":14,"href":"https:\/\/klinikel.de\/index.php\/wp-json\/wp\/v2\/pages\/52\/revisions"}],"predecessor-version":[{"id":242,"href":"https:\/\/klinikel.de\/index.php\/wp-json\/wp\/v2\/pages\/52\/revisions\/242"}],"up":[{"embeddable":true,"href":"https:\/\/klinikel.de\/index.php\/wp-json\/wp\/v2\/pages\/20"}],"wp:attachment":[{"href":"https:\/\/klinikel.de\/index.php\/wp-json\/wp\/v2\/media?parent=52"}],"curies":[{"name":"wp","href":"https:\/\/api.w.org\/{rel}","templated":true}]}}